{"id":579,"date":"2025-11-13T19:02:19","date_gmt":"2025-11-13T19:02:19","guid":{"rendered":"https:\/\/www.dlf.fi\/stmbbnew\/?page_id=579"},"modified":"2026-04-06T09:20:50","modified_gmt":"2026-04-06T09:20:50","slug":"swe-fantasia-info","status":"publish","type":"page","link":"https:\/\/www.dlf.fi\/stmbbnew\/?page_id=579","title":{"rendered":"SWE Fantasia Info"},"content":{"rendered":"\n<div class=\"wp-block-columns alignwide is-layout-flex wp-container-core-columns-is-layout-28f84493 wp-block-columns-is-layout-flex\">\n<div class=\"wp-block-column is-style-section-1 is-layout-flow wp-block-column-is-layout-flow is-style-section-1--1\" style=\"flex-basis:33.33%\">\n<p><\/p>\n\n\n\n<div class=\"wp-block-columns is-layout-flex wp-container-core-columns-is-layout-28f84493 wp-block-columns-is-layout-flex\">\n<div class=\"wp-block-column is-layout-flow wp-block-column-is-layout-flow\"><\/div>\n<\/div>\n<\/div>\n\n\n\n<div class=\"wp-block-column is-layout-flow wp-block-column-is-layout-flow\" style=\"flex-basis:66.66%\">\n<h2 class=\"wp-block-heading\">H\u00e4ndelser<br><\/h2>\n\n\n\n<p><\/p>\n\n\n\n<div class=\"wp-block-media-text has-media-on-the-right is-stacked-on-mobile\"><div class=\"wp-block-media-text__content\">\n<p>Black Sheep 14.9.2024<\/p>\n<\/div><figure class=\"wp-block-media-text__media\"><img loading=\"lazy\" decoding=\"async\" width=\"526\" height=\"276\" src=\"http:\/\/www.dlf.fi\/stmbbnew\/wp-content\/uploads\/2025\/10\/Fantasia-at-Black-Sheep.jpg\" alt=\"\" class=\"wp-image-412 size-full\" srcset=\"https:\/\/www.dlf.fi\/stmbbnew\/wp-content\/uploads\/2025\/10\/Fantasia-at-Black-Sheep.jpg 526w, https:\/\/www.dlf.fi\/stmbbnew\/wp-content\/uploads\/2025\/10\/Fantasia-at-Black-Sheep-300x157.jpg 300w\" sizes=\"auto, (max-width: 526px) 100vw, 526px\" \/><\/figure><\/div>\n\n\n\n<div class=\"wp-block-media-text has-media-on-the-right is-stacked-on-mobile is-vertically-aligned-top alignwide is-position-right\" style=\"grid-template-columns:auto 35%\"><div class=\"wp-block-media-text__content\">\n<p class=\"has-text-align-left is-style-default\">ROTOSROCK 2019 Torsdag 5.12 klo 20 &#8211; 24<br>45 Special Club Ule\u00e5borg<br>Mer info p\u00e5 Fantasia fb sidan (www.facebook.com\/fantasia1975)<br>samt Rotos ry ja 45 Special sidor<\/p>\n<\/div><figure class=\"wp-block-media-text__media\"><img loading=\"lazy\" decoding=\"async\" width=\"1024\" height=\"573\" src=\"http:\/\/www.dlf.fi\/stmbbnew\/wp-content\/uploads\/2025\/07\/Rotos-1024x573.jpg\" alt=\"\" class=\"wp-image-91 size-full\" srcset=\"https:\/\/www.dlf.fi\/stmbbnew\/wp-content\/uploads\/2025\/07\/Rotos-1024x573.jpg 1024w, https:\/\/www.dlf.fi\/stmbbnew\/wp-content\/uploads\/2025\/07\/Rotos-300x168.jpg 300w, https:\/\/www.dlf.fi\/stmbbnew\/wp-content\/uploads\/2025\/07\/Rotos-768x430.jpg 768w, https:\/\/www.dlf.fi\/stmbbnew\/wp-content\/uploads\/2025\/07\/Rotos-1536x860.jpg 1536w, https:\/\/www.dlf.fi\/stmbbnew\/wp-content\/uploads\/2025\/07\/Rotos.jpg 1832w\" sizes=\"auto, (max-width: 1024px) 100vw, 1024px\" \/><\/figure><\/div>\n\n\n\n<div class=\"wp-block-media-text has-media-on-the-right is-stacked-on-mobile\"><div class=\"wp-block-media-text__content\">\n<p>Mixning\/Mastering av Fantasias nya  skiva \u00e4r p\u00e5 g\u00e5ng och en single fr\u00e5n kommande dubbel cd \u00e4r sl\u00e4ppt<br>Limited edition promo single kan f\u00e5s fr\u00e5n www.pimujamu.fi n\u00e4taff\u00e4r, finns ocks\u00e5 p\u00e5 spotify<\/p>\n\n\n\n<p>Till k\u00e4nnedom, Fantasias  facebook sida mera &#8221;up to date&#8221;.<br>Kommande \u201dlongplay&#8221; inneh\u00e5ller l\u00e5tar b\u00e5de p\u00e5 engelska och finska, P\u00e5 singeln Desert Storm \u2013 T\u00e4m\u00e4 Uni ger f\u00f6rsmak &#8230;..<\/p>\n<\/div><figure class=\"wp-block-media-text__media\"><img loading=\"lazy\" decoding=\"async\" width=\"824\" height=\"822\" src=\"http:\/\/www.dlf.fi\/stmbbnew\/wp-content\/uploads\/2025\/07\/SinkkuLabelPienempi.jpg\" alt=\"\" class=\"wp-image-94 size-full\" srcset=\"https:\/\/www.dlf.fi\/stmbbnew\/wp-content\/uploads\/2025\/07\/SinkkuLabelPienempi.jpg 824w, https:\/\/www.dlf.fi\/stmbbnew\/wp-content\/uploads\/2025\/07\/SinkkuLabelPienempi-300x300.jpg 300w, https:\/\/www.dlf.fi\/stmbbnew\/wp-content\/uploads\/2025\/07\/SinkkuLabelPienempi-150x150.jpg 150w, https:\/\/www.dlf.fi\/stmbbnew\/wp-content\/uploads\/2025\/07\/SinkkuLabelPienempi-768x766.jpg 768w\" sizes=\"auto, (max-width: 824px) 100vw, 824px\" \/><\/figure><\/div>\n\n\n\n<div class=\"wp-block-media-text has-media-on-the-right is-stacked-on-mobile\"><div class=\"wp-block-media-text__content\">\n<p>FANTASIA -IN CONCERT<br>Schauman salen-Jakobstad<br>l\u00f6rdag 11.02-2017<br>Klo 19.00-21.30<\/p>\n\n\n\n<p><a href=\"http:\/\/www.facebook.com\/fantasia1975\">www.facebook.com\/fantasia1975<\/a><\/p>\n<\/div><figure class=\"wp-block-media-text__media\"><img loading=\"lazy\" decoding=\"async\" width=\"500\" height=\"700\" src=\"http:\/\/www.dlf.fi\/stmbbnew\/wp-content\/uploads\/2025\/07\/muusikoiden-juliste-300dp1.jpg\" alt=\"\" class=\"wp-image-84 size-full\" srcset=\"https:\/\/www.dlf.fi\/stmbbnew\/wp-content\/uploads\/2025\/07\/muusikoiden-juliste-300dp1.jpg 500w, https:\/\/www.dlf.fi\/stmbbnew\/wp-content\/uploads\/2025\/07\/muusikoiden-juliste-300dp1-214x300.jpg 214w\" sizes=\"auto, (max-width: 500px) 100vw, 500px\" \/><\/figure><\/div>\n\n\n\n<div class=\"wp-block-media-text has-media-on-the-right is-stacked-on-mobile\"><div class=\"wp-block-media-text__content\">\n<p>&#8221;EN KV\u00c4LL F\u00d6R NATTEN&#8221;<br>MOODY (Jakobstads stadshotell)<br>L\u00f6 21.3-2015<\/p>\n<\/div><figure class=\"wp-block-media-text__media\"><img loading=\"lazy\" decoding=\"async\" width=\"678\" height=\"960\" src=\"http:\/\/www.dlf.fi\/stmbbnew\/wp-content\/uploads\/2025\/07\/natten_affisch.jpg\" alt=\"\" class=\"wp-image-85 size-full\" srcset=\"https:\/\/www.dlf.fi\/stmbbnew\/wp-content\/uploads\/2025\/07\/natten_affisch.jpg 678w, https:\/\/www.dlf.fi\/stmbbnew\/wp-content\/uploads\/2025\/07\/natten_affisch-212x300.jpg 212w\" sizes=\"auto, (max-width: 678px) 100vw, 678px\" \/><\/figure><\/div>\n<\/div>\n<\/div>\n\n\n\n<hr class=\"wp-block-separator has-alpha-channel-opacity is-style-wide is-style-wide--2\"\/>\n\n\n\n<p><\/p>\n","protected":false},"excerpt":{"rendered":"<p>H\u00e4ndelser Black Sheep 14.9.2024 ROTOSROCK 2019 Torsdag 5.12 klo 20 &#8211; 2445 Special Club Ule\u00e5borgMer info p\u00e5 Fantasia fb sidan (www.facebook.com\/fantasia1975)samt Rotos ry ja 45 Special sidor Mixning\/Mastering av Fantasias nya skiva \u00e4r p\u00e5 g\u00e5ng och en single fr\u00e5n kommande dubbel cd \u00e4r sl\u00e4pptLimited edition promo single kan f\u00e5s fr\u00e5n www.pimujamu.fi n\u00e4taff\u00e4r, finns ocks\u00e5 p\u00e5 [&hellip;]<\/p>\n","protected":false},"author":2,"featured_media":0,"parent":237,"menu_order":0,"comment_status":"closed","ping_status":"closed","template":"","meta":{"footnotes":""},"class_list":["post-579","page","type-page","status-publish","hentry"],"_links":{"self":[{"href":"https:\/\/www.dlf.fi\/stmbbnew\/index.php?rest_route=\/wp\/v2\/pages\/579","targetHints":{"allow":["GET"]}}],"collection":[{"href":"https:\/\/www.dlf.fi\/stmbbnew\/index.php?rest_route=\/wp\/v2\/pages"}],"about":[{"href":"https:\/\/www.dlf.fi\/stmbbnew\/index.php?rest_route=\/wp\/v2\/types\/page"}],"author":[{"embeddable":true,"href":"https:\/\/www.dlf.fi\/stmbbnew\/index.php?rest_route=\/wp\/v2\/users\/2"}],"replies":[{"embeddable":true,"href":"https:\/\/www.dlf.fi\/stmbbnew\/index.php?rest_route=%2Fwp%2Fv2%2Fcomments&post=579"}],"version-history":[{"count":4,"href":"https:\/\/www.dlf.fi\/stmbbnew\/index.php?rest_route=\/wp\/v2\/pages\/579\/revisions"}],"predecessor-version":[{"id":1181,"href":"https:\/\/www.dlf.fi\/stmbbnew\/index.php?rest_route=\/wp\/v2\/pages\/579\/revisions\/1181"}],"up":[{"embeddable":true,"href":"https:\/\/www.dlf.fi\/stmbbnew\/index.php?rest_route=\/wp\/v2\/pages\/237"}],"wp:attachment":[{"href":"https:\/\/www.dlf.fi\/stmbbnew\/index.php?rest_route=%2Fwp%2Fv2%2Fmedia&parent=579"}],"curies":[{"name":"wp","href":"https:\/\/api.w.org\/{rel}","templated":true}]}}