{"id":541,"date":"2025-10-31T16:06:31","date_gmt":"2025-10-31T16:06:31","guid":{"rendered":"https:\/\/www.dlf.fi\/stmbbnew\/?page_id=541"},"modified":"2026-04-06T09:11:08","modified_gmt":"2026-04-06T09:11:08","slug":"fantasia-landing","status":"publish","type":"page","link":"https:\/\/www.dlf.fi\/stmbbnew\/?page_id=541","title":{"rendered":"FI Fantasia landing"},"content":{"rendered":"\n<div class=\"wp-block-buttons is-content-justification-center is-layout-flex wp-container-core-buttons-is-layout-a89b3969 wp-block-buttons-is-layout-flex\">\n<div class=\"wp-block-button\"><a class=\"wp-block-button__link wp-element-button\" href=\"https:\/\/www.dlf.fi\/stmbbnew\/?page_id=26\">Historia<\/a><\/div>\n\n\n\n<div class=\"wp-block-button\"><a class=\"wp-block-button__link wp-element-button\" href=\"https:\/\/www.dlf.fi\/stmbbnew\/?page_id=548\">Galleria<\/a><\/div>\n\n\n\n<div class=\"wp-block-button\"><a class=\"wp-block-button__link wp-element-button\" href=\"https:\/\/www.dlf.fi\/stmbbnew\/?page_id=574\">Info<\/a><\/div>\n<\/div>\n\n\n\n<hr class=\"wp-block-separator alignwide has-alpha-channel-opacity\"\/>\n\n\n\n<p class=\"has-text-align-center\"><strong>FANTASIA<\/strong><\/p>\n\n\n\n<div class=\"wp-block-columns alignwide is-layout-flex wp-container-core-columns-is-layout-28f84493 wp-block-columns-is-layout-flex\">\n<div class=\"wp-block-column is-vertically-aligned-stretch is-layout-flow wp-block-column-is-layout-flow\">\n<figure class=\"wp-block-image aligncenter size-large is-resized\"><img loading=\"lazy\" decoding=\"async\" width=\"1024\" height=\"711\" src=\"http:\/\/www.dlf.fi\/stmbbnew\/wp-content\/uploads\/2025\/07\/Fantasia-1024x711.jpg\" alt=\"\" class=\"wp-image-54\" style=\"width:587px;height:auto\" srcset=\"https:\/\/www.dlf.fi\/stmbbnew\/wp-content\/uploads\/2025\/07\/Fantasia-1024x711.jpg 1024w, https:\/\/www.dlf.fi\/stmbbnew\/wp-content\/uploads\/2025\/07\/Fantasia-300x208.jpg 300w, https:\/\/www.dlf.fi\/stmbbnew\/wp-content\/uploads\/2025\/07\/Fantasia-768x533.jpg 768w, https:\/\/www.dlf.fi\/stmbbnew\/wp-content\/uploads\/2025\/07\/Fantasia-1536x1067.jpg 1536w, https:\/\/www.dlf.fi\/stmbbnew\/wp-content\/uploads\/2025\/07\/Fantasia.jpg 1600w\" sizes=\"auto, (max-width: 1024px) 100vw, 1024px\" \/><figcaption class=\"wp-element-caption\">Thomas Lindstr\u00f6m &#8211; Hannu Pirttimaa &#8211; Hannu Lindblom &#8211; G\u00f6ran Fellman -Sven Wann\u00e4s<\/figcaption><\/figure>\n<\/div>\n<\/div>\n\n\n\n<div class=\"wp-block-columns alignwide is-layout-flex wp-container-core-columns-is-layout-28f84493 wp-block-columns-is-layout-flex\">\n<div class=\"wp-block-column is-layout-flow wp-block-column-is-layout-flow\" style=\"flex-basis:100%\">\n<figure class=\"wp-block-gallery has-nested-images columns-default is-cropped wp-block-gallery-1 is-layout-flex wp-block-gallery-is-layout-flex\">\n<figure class=\"wp-block-image size-large is-resized\"><img loading=\"lazy\" decoding=\"async\" width=\"1024\" height=\"1024\" data-id=\"393\" src=\"https:\/\/www.dlf.fi\/stmbbnew\/wp-content\/uploads\/2025\/09\/Fantasia-Aikamatkaaja-1024x1024.jpg\" alt=\"\" class=\"wp-image-393\" style=\"width:615px;height:auto\" srcset=\"https:\/\/www.dlf.fi\/stmbbnew\/wp-content\/uploads\/2025\/09\/Fantasia-Aikamatkaaja-1024x1024.jpg 1024w, https:\/\/www.dlf.fi\/stmbbnew\/wp-content\/uploads\/2025\/09\/Fantasia-Aikamatkaaja-300x300.jpg 300w, https:\/\/www.dlf.fi\/stmbbnew\/wp-content\/uploads\/2025\/09\/Fantasia-Aikamatkaaja-150x150.jpg 150w, https:\/\/www.dlf.fi\/stmbbnew\/wp-content\/uploads\/2025\/09\/Fantasia-Aikamatkaaja-768x768.jpg 768w, https:\/\/www.dlf.fi\/stmbbnew\/wp-content\/uploads\/2025\/09\/Fantasia-Aikamatkaaja-1536x1536.jpg 1536w, https:\/\/www.dlf.fi\/stmbbnew\/wp-content\/uploads\/2025\/09\/Fantasia-Aikamatkaaja-2048x2048.jpg 2048w\" sizes=\"auto, (max-width: 1024px) 100vw, 1024px\" \/><\/figure>\n\n\n\n<figure class=\"wp-block-image size-large is-resized\"><img loading=\"lazy\" decoding=\"async\" width=\"824\" height=\"822\" data-id=\"94\" src=\"https:\/\/www.dlf.fi\/stmbbnew\/wp-content\/uploads\/2025\/07\/SinkkuLabelPienempi.jpg\" alt=\"\" class=\"wp-image-94\" style=\"width:573px;height:auto\" srcset=\"https:\/\/www.dlf.fi\/stmbbnew\/wp-content\/uploads\/2025\/07\/SinkkuLabelPienempi.jpg 824w, https:\/\/www.dlf.fi\/stmbbnew\/wp-content\/uploads\/2025\/07\/SinkkuLabelPienempi-300x300.jpg 300w, https:\/\/www.dlf.fi\/stmbbnew\/wp-content\/uploads\/2025\/07\/SinkkuLabelPienempi-150x150.jpg 150w, https:\/\/www.dlf.fi\/stmbbnew\/wp-content\/uploads\/2025\/07\/SinkkuLabelPienempi-768x766.jpg 768w\" sizes=\"auto, (max-width: 824px) 100vw, 824px\" \/><\/figure>\n<\/figure>\n<\/div>\n<\/div>\n\n\n\n<hr class=\"wp-block-separator alignwide has-alpha-channel-opacity\"\/>\n\n\n\n<figure class=\"wp-block-audio alignwide\"><audio controls src=\"http:\/\/www.dlf.fi\/stmbbnew\/wp-content\/uploads\/2026\/03\/Fantasia-Desert-Storm-Sample.mp3\"><\/audio><figcaption class=\"wp-element-caption\"><strong>Desert storm &#8211; sample<\/strong><\/figcaption><\/figure>\n\n\n\n<figure class=\"wp-block-audio alignwide\"><audio controls src=\"http:\/\/www.dlf.fi\/stmbbnew\/wp-content\/uploads\/2026\/03\/Fantasia-Bosses-lat-Sample.mp3\"><\/audio><figcaption class=\"wp-element-caption\"><strong>Bosses l\u00e5t &#8211; sample<\/strong><\/figcaption><\/figure>\n\n\n\n<figure class=\"wp-block-audio alignwide\"><audio controls src=\"http:\/\/www.dlf.fi\/stmbbnew\/wp-content\/uploads\/2026\/03\/Suihkuliidolla.mp3\"><\/audio><figcaption class=\"wp-element-caption\">Fantasia &#8221;Suihkuliidolla&#8221;<\/figcaption><\/figure>\n\n\n\n<figure class=\"wp-block-embed is-type-video is-provider-youtube wp-block-embed-youtube wp-embed-aspect-16-9 wp-has-aspect-ratio\"><div class=\"wp-block-embed__wrapper\">\n<iframe loading=\"lazy\" title=\"Fantasia: Desert Storm\" width=\"500\" height=\"281\" src=\"https:\/\/www.youtube.com\/embed\/MEdWfpUfNEY?feature=oembed\" frameborder=\"0\" allow=\"accelerometer; autoplay; clipboard-write; encrypted-media; gyroscope; picture-in-picture; web-share\" referrerpolicy=\"strict-origin-when-cross-origin\" allowfullscreen><\/iframe>\n<\/div><\/figure>\n","protected":false},"excerpt":{"rendered":"<p>FANTASIA<\/p>\n","protected":false},"author":2,"featured_media":0,"parent":22,"menu_order":0,"comment_status":"closed","ping_status":"closed","template":"","meta":{"footnotes":""},"class_list":["post-541","page","type-page","status-publish","hentry"],"_links":{"self":[{"href":"https:\/\/www.dlf.fi\/stmbbnew\/index.php?rest_route=\/wp\/v2\/pages\/541","targetHints":{"allow":["GET"]}}],"collection":[{"href":"https:\/\/www.dlf.fi\/stmbbnew\/index.php?rest_route=\/wp\/v2\/pages"}],"about":[{"href":"https:\/\/www.dlf.fi\/stmbbnew\/index.php?rest_route=\/wp\/v2\/types\/page"}],"author":[{"embeddable":true,"href":"https:\/\/www.dlf.fi\/stmbbnew\/index.php?rest_route=\/wp\/v2\/users\/2"}],"replies":[{"embeddable":true,"href":"https:\/\/www.dlf.fi\/stmbbnew\/index.php?rest_route=%2Fwp%2Fv2%2Fcomments&post=541"}],"version-history":[{"count":18,"href":"https:\/\/www.dlf.fi\/stmbbnew\/index.php?rest_route=\/wp\/v2\/pages\/541\/revisions"}],"predecessor-version":[{"id":1180,"href":"https:\/\/www.dlf.fi\/stmbbnew\/index.php?rest_route=\/wp\/v2\/pages\/541\/revisions\/1180"}],"up":[{"embeddable":true,"href":"https:\/\/www.dlf.fi\/stmbbnew\/index.php?rest_route=\/wp\/v2\/pages\/22"}],"wp:attachment":[{"href":"https:\/\/www.dlf.fi\/stmbbnew\/index.php?rest_route=%2Fwp%2Fv2%2Fmedia&parent=541"}],"curies":[{"name":"wp","href":"https:\/\/api.w.org\/{rel}","templated":true}]}}