{"id":273,"date":"2025-07-03T12:43:29","date_gmt":"2025-07-03T12:43:29","guid":{"rendered":"http:\/\/www.dlf.fi\/stmbbnew\/?page_id=273"},"modified":"2025-07-05T09:12:33","modified_gmt":"2025-07-05T09:12:33","slug":"kuuntelijapalautetta","status":"publish","type":"page","link":"https:\/\/www.dlf.fi\/stmbbnew\/?page_id=273","title":{"rendered":"Main Feedback"},"content":{"rendered":"<ul class=\"wp-block-latest-posts__list is-grid columns-3 alignwide wp-block-latest-posts\"><li><a class=\"wp-block-latest-posts__post-title\" href=\"https:\/\/www.dlf.fi\/stmbbnew\/?p=311\">Kiitos<\/a><div class=\"wp-block-latest-posts__post-excerpt\">Hei kiitos eilisest\u00e4 meiningist\u00e4 Korpilahdella, oli ihanaa tanssia pitk\u00e4st\u00e4 aikaa, hirve\u00e4n hyv\u00e4 olo ja t\u00e4n\u00e4\u00e4nkin viel\u00e4 hymyilytt\u00e4\u00e4! P\u00e4ivi, Jyv\u00e4skyl\u00e4<\/div><\/li>\n<li><a class=\"wp-block-latest-posts__post-title\" href=\"https:\/\/www.dlf.fi\/stmbbnew\/?p=309\">Hienoa kundit<\/a><div class=\"wp-block-latest-posts__post-excerpt\">Hienoa, kunditAivan oivaa Suomibluesia t\u00e4m\u00e4 Two Sides. Jatkakaa samaan malliin, ett\u00e4 saataisiin Suomeen muitakin kuin SF- blues ja Wentus Blues\u2026 <a class=\"wp-block-latest-posts__read-more\" href=\"https:\/\/www.dlf.fi\/stmbbnew\/?p=309\" rel=\"noopener noreferrer\">Lue lis\u00e4\u00e4<span class=\"screen-reader-text\">: Hienoa kundit<\/span><\/a><\/div><\/li>\n<li><a class=\"wp-block-latest-posts__post-title\" href=\"https:\/\/www.dlf.fi\/stmbbnew\/?p=307\">Loistava setti<\/a><div class=\"wp-block-latest-posts__post-excerpt\">Oli loistava setti! Lapaluut on viel\u00e4kin arat kun porukat taputtelee tyytyv\u00e4isen\u00e4 mua selk\u00e4\u00e4n!(j\u00e4rjest\u00e4j\u00e4n terveiset) &#8221;Blues-pappa&#8221; Pekka, Korpilahti, www.musary.net<\/div><\/li>\n<li><a class=\"wp-block-latest-posts__post-title\" href=\"https:\/\/www.dlf.fi\/stmbbnew\/?p=302\">Suuret kiitokset<\/a><div class=\"wp-block-latest-posts__post-excerpt\">SUURET KIITOKSET keikastanne viime lauantaina Korpilahdella. Kyll\u00e4 olitte fantastisia.N\u00e4kyi ja kuului, ett\u00e4 &#8221;olette joitakin vuosia yhdess\u00e4 soitelleet&#8221; eli rautainen on\u2026 <a class=\"wp-block-latest-posts__read-more\" href=\"https:\/\/www.dlf.fi\/stmbbnew\/?p=302\" rel=\"noopener noreferrer\">Lue lis\u00e4\u00e4<span class=\"screen-reader-text\">: Suuret kiitokset<\/span><\/a><\/div><\/li>\n<li><a class=\"wp-block-latest-posts__post-title\" href=\"https:\/\/www.dlf.fi\/stmbbnew\/?p=14\">Satamablues<\/a><div class=\"wp-block-latest-posts__post-excerpt\">No niiih&#8230;Satamablues tuli ja meni JA oli aivan ihanaa taas kerran. KIITOS PEKKA JA KUMPPANIT&lt;3Ollaan t\u00e4ss\u00e4 sy\u00f6ty pestoperunoita ja porsasta\u2026 <a class=\"wp-block-latest-posts__read-more\" href=\"https:\/\/www.dlf.fi\/stmbbnew\/?p=14\" rel=\"noopener noreferrer\">Lue lis\u00e4\u00e4<span class=\"screen-reader-text\">: Satamablues<\/span><\/a><\/div><\/li>\n<\/ul>\n\n\n<figure class=\"wp-block-gallery has-nested-images columns-default is-cropped wp-block-gallery-1 is-layout-flex wp-block-gallery-is-layout-flex\">\n<figure class=\"wp-block-image size-large\"><img loading=\"lazy\" decoding=\"async\" width=\"517\" height=\"483\" data-id=\"97\" src=\"http:\/\/www.dlf.fi\/stmbbnew\/wp-content\/uploads\/2025\/07\/STMBB_cd_cover-pieni.jpg\" alt=\"\" class=\"wp-image-97\" srcset=\"https:\/\/www.dlf.fi\/stmbbnew\/wp-content\/uploads\/2025\/07\/STMBB_cd_cover-pieni.jpg 517w, https:\/\/www.dlf.fi\/stmbbnew\/wp-content\/uploads\/2025\/07\/STMBB_cd_cover-pieni-300x280.jpg 300w\" sizes=\"auto, (max-width: 517px) 100vw, 517px\" \/><\/figure>\n<\/figure>\n","protected":false},"excerpt":{"rendered":"","protected":false},"author":2,"featured_media":0,"parent":0,"menu_order":0,"comment_status":"closed","ping_status":"closed","template":"","meta":{"footnotes":""},"class_list":["post-273","page","type-page","status-publish","hentry"],"_links":{"self":[{"href":"https:\/\/www.dlf.fi\/stmbbnew\/index.php?rest_route=\/wp\/v2\/pages\/273","targetHints":{"allow":["GET"]}}],"collection":[{"href":"https:\/\/www.dlf.fi\/stmbbnew\/index.php?rest_route=\/wp\/v2\/pages"}],"about":[{"href":"https:\/\/www.dlf.fi\/stmbbnew\/index.php?rest_route=\/wp\/v2\/types\/page"}],"author":[{"embeddable":true,"href":"https:\/\/www.dlf.fi\/stmbbnew\/index.php?rest_route=\/wp\/v2\/users\/2"}],"replies":[{"embeddable":true,"href":"https:\/\/www.dlf.fi\/stmbbnew\/index.php?rest_route=%2Fwp%2Fv2%2Fcomments&post=273"}],"version-history":[{"count":10,"href":"https:\/\/www.dlf.fi\/stmbbnew\/index.php?rest_route=\/wp\/v2\/pages\/273\/revisions"}],"predecessor-version":[{"id":382,"href":"https:\/\/www.dlf.fi\/stmbbnew\/index.php?rest_route=\/wp\/v2\/pages\/273\/revisions\/382"}],"wp:attachment":[{"href":"https:\/\/www.dlf.fi\/stmbbnew\/index.php?rest_route=%2Fwp%2Fv2%2Fmedia&parent=273"}],"curies":[{"name":"wp","href":"https:\/\/api.w.org\/{rel}","templated":true}]}}