{"id":154,"date":"2025-07-03T10:44:40","date_gmt":"2025-07-03T10:44:40","guid":{"rendered":"http:\/\/www.dlf.fi\/stmbbnew\/?page_id=154"},"modified":"2026-02-22T08:10:48","modified_gmt":"2026-02-22T08:10:48","slug":"pressi","status":"publish","type":"page","link":"https:\/\/www.dlf.fi\/stmbbnew\/?page_id=154","title":{"rendered":"FI Pressi"},"content":{"rendered":"\n<p class=\"has-text-align-center\">Alla olevat TIFF-kuvat ovat CMYK-muodossa, 300dpi. <br>Vaihtoehtona kevyemm\u00e4t JPG-kuvat ovat RGB muodossa.<\/p>\n\n\n\n<p class=\"has-text-align-center\">Ole hyv\u00e4 ja ilmoita meille miten ja miss\u00e4 k\u00e4yt\u00e4t kuviamme.<br><em>Please let us know where you intend to publish our pictures, thank you!<\/em><br>e-mail: <a href=\"mailto:hannu.lindblom@outlook.com\">hannu.lindblom@outlook.com<\/a><\/p>\n\n\n\n<hr class=\"wp-block-separator has-alpha-channel-opacity is-style-wide is-style-wide--1\"\/>\n\n\n\n<div class=\"wp-block-media-text alignwide is-stacked-on-mobile\" style=\"grid-template-columns:40% auto\"><figure class=\"wp-block-media-text__media\"><img loading=\"lazy\" decoding=\"async\" width=\"1024\" height=\"780\" src=\"http:\/\/www.dlf.fi\/stmbbnew\/wp-content\/uploads\/2025\/07\/stmbb_band_screen-1024x780.jpg\" alt=\"\" class=\"wp-image-113 size-full\" srcset=\"https:\/\/www.dlf.fi\/stmbbnew\/wp-content\/uploads\/2025\/07\/stmbb_band_screen-1024x780.jpg 1024w, https:\/\/www.dlf.fi\/stmbbnew\/wp-content\/uploads\/2025\/07\/stmbb_band_screen-300x229.jpg 300w, https:\/\/www.dlf.fi\/stmbbnew\/wp-content\/uploads\/2025\/07\/stmbb_band_screen-768x585.jpg 768w, https:\/\/www.dlf.fi\/stmbbnew\/wp-content\/uploads\/2025\/07\/stmbb_band_screen-1536x1170.jpg 1536w, https:\/\/www.dlf.fi\/stmbbnew\/wp-content\/uploads\/2025\/07\/stmbb_band_screen.jpg 1600w\" sizes=\"auto, (max-width: 1024px) 100vw, 1024px\" \/><\/figure><div class=\"wp-block-media-text__content\">\n<h4 class=\"wp-block-heading\">Band Photo 1<\/h4>\n\n\n\n<div class=\"wp-block-buttons is-layout-flex wp-block-buttons-is-layout-flex\">\n<div class=\"wp-block-button is-style-outline is-style-outline--2\"><a class=\"wp-block-button__link wp-element-button\">Lataa JPG (1.6 MB)<\/a><\/div>\n<\/div>\n<\/div><\/div>\n\n\n\n<hr class=\"wp-block-separator has-alpha-channel-opacity\"\/>\n\n\n\n<div class=\"wp-block-media-text alignwide is-stacked-on-mobile\" style=\"grid-template-columns:40% auto\"><figure class=\"wp-block-media-text__media\"><img decoding=\"async\" src=\"\/wp-content\/uploads\/REPLACE-WITH-JH2_9223-2.jpg\" alt=\"St. Marcus Bluesband live on stage\"\/><\/figure><div class=\"wp-block-media-text__content\">\n<h4 class=\"wp-block-heading\">Live Photo<\/h4>\n\n\n\n<div class=\"wp-block-buttons is-layout-flex wp-block-buttons-is-layout-flex\">\n<div class=\"wp-block-button is-style-outline is-style-outline--3\"><a class=\"wp-block-button__link wp-element-button\">Lataa JPG (2.0 MB)<\/a><\/div>\n<\/div>\n<\/div><\/div>\n\n\n\n<hr class=\"wp-block-separator has-alpha-channel-opacity\"\/>\n\n\n\n<div class=\"wp-block-media-text alignwide is-stacked-on-mobile\" style=\"grid-template-columns:40% auto\"><figure class=\"wp-block-media-text__media\"><img loading=\"lazy\" decoding=\"async\" width=\"250\" height=\"227\" src=\"http:\/\/www.dlf.fi\/stmbbnew\/wp-content\/uploads\/2025\/07\/cd_digipack-1.jpg\" alt=\"\" class=\"wp-image-126 size-full\"\/><\/figure><div class=\"wp-block-media-text__content\">\n<h4 class=\"wp-block-heading\">&#8221;Two Sides&#8221; Album Cover<\/h4>\n\n\n\n<div class=\"wp-block-buttons is-layout-flex wp-block-buttons-is-layout-flex\">\n<div class=\"wp-block-button is-style-outline is-style-outline--4\"><a class=\"wp-block-button__link wp-element-button\">Lataa JPG (1.6 MB)<\/a><\/div>\n\n\n\n<div class=\"wp-block-button is-style-outline is-style-outline--5\"><a class=\"wp-block-button__link wp-element-button\">Lataa TIFF (9.8 MB)<\/a><\/div>\n<\/div>\n<\/div><\/div>\n\n\n\n<hr class=\"wp-block-separator has-alpha-channel-opacity\"\/>\n\n\n\n<div class=\"wp-block-media-text alignwide is-stacked-on-mobile\" style=\"grid-template-columns:40% auto\"><figure class=\"wp-block-media-text__media\"><img decoding=\"async\" src=\"\/wp-content\/uploads\/REPLACE-WITH-stmbb_pressi1_screen.jpg\" alt=\"Band promo shot\"\/><\/figure><div class=\"wp-block-media-text__content\">\n<h4 class=\"wp-block-heading\">Band Promo Photo<\/h4>\n\n\n\n<div class=\"wp-block-buttons is-layout-flex wp-block-buttons-is-layout-flex\">\n<div class=\"wp-block-button is-style-outline is-style-outline--6\"><a class=\"wp-block-button__link wp-element-button\">Lataa JPG (2.2 MB)<\/a><\/div>\n\n\n\n<div class=\"wp-block-button is-style-outline is-style-outline--7\"><a class=\"wp-block-button__link wp-element-button\">Lataa TIFF (13.2 MB)<\/a><\/div>\n<\/div>\n<\/div><\/div>\n\n\n\n<hr class=\"wp-block-separator has-alpha-channel-opacity\"\/>\n\n\n\n<div class=\"wp-block-media-text alignwide is-stacked-on-mobile\" style=\"grid-template-columns:40% auto\"><figure class=\"wp-block-media-text__media\"><img decoding=\"async\" src=\"\/wp-content\/uploads\/REPLACE-WITH-stmbb_piirros_screen.jpg\" alt=\"Illustration of the band\"\/><\/figure><div class=\"wp-block-media-text__content\">\n<h4 class=\"wp-block-heading\">Band Illustration<\/h4>\n\n\n\n<div class=\"wp-block-buttons is-layout-flex wp-block-buttons-is-layout-flex\">\n<div class=\"wp-block-button is-style-outline is-style-outline--8\"><a class=\"wp-block-button__link wp-element-button\">Lataa JPG (0.3 MB)<\/a><\/div>\n\n\n\n<div class=\"wp-block-button is-style-outline is-style-outline--9\"><a class=\"wp-block-button__link wp-element-button\">Lataa TIFF (7.9 MB)<\/a><\/div>\n<\/div>\n<\/div><\/div>\n\n\n\n<hr class=\"wp-block-separator has-alpha-channel-opacity is-style-wide is-style-wide--10\"\/>\n\n\n\n<h2 class=\"wp-block-heading alignwide\">Yhteydet<\/h2>\n\n\n\n<p class=\"has-text-align-left\">Hannu Lindblom 050-4648501 <a href=\"mailto:hannu.lindblom@outlook.com\">hannu.lindblom@outlook.com<\/a> <br>Markku &#8221;Loke&#8221; L\u00f6nngren 050-590 6385<br><br><\/p>\n\n\n\n<p><\/p>\n","protected":false},"excerpt":{"rendered":"<p>Alla olevat TIFF-kuvat ovat CMYK-muodossa, 300dpi. Vaihtoehtona kevyemm\u00e4t JPG-kuvat ovat RGB muodossa. Ole hyv\u00e4 ja ilmoita meille miten ja miss\u00e4 k\u00e4yt\u00e4t kuviamme.Please let us know where you intend to publish our pictures, thank you!e-mail: hannu.lindblom@outlook.com Yhteydet Hannu Lindblom 050-4648501 hannu.lindblom@outlook.com Markku &#8221;Loke&#8221; L\u00f6nngren 050-590 6385<\/p>\n","protected":false},"author":2,"featured_media":0,"parent":22,"menu_order":0,"comment_status":"closed","ping_status":"closed","template":"","meta":{"footnotes":""},"class_list":["post-154","page","type-page","status-publish","hentry"],"_links":{"self":[{"href":"https:\/\/www.dlf.fi\/stmbbnew\/index.php?rest_route=\/wp\/v2\/pages\/154","targetHints":{"allow":["GET"]}}],"collection":[{"href":"https:\/\/www.dlf.fi\/stmbbnew\/index.php?rest_route=\/wp\/v2\/pages"}],"about":[{"href":"https:\/\/www.dlf.fi\/stmbbnew\/index.php?rest_route=\/wp\/v2\/types\/page"}],"author":[{"embeddable":true,"href":"https:\/\/www.dlf.fi\/stmbbnew\/index.php?rest_route=\/wp\/v2\/users\/2"}],"replies":[{"embeddable":true,"href":"https:\/\/www.dlf.fi\/stmbbnew\/index.php?rest_route=%2Fwp%2Fv2%2Fcomments&post=154"}],"version-history":[{"count":9,"href":"https:\/\/www.dlf.fi\/stmbbnew\/index.php?rest_route=\/wp\/v2\/pages\/154\/revisions"}],"predecessor-version":[{"id":972,"href":"https:\/\/www.dlf.fi\/stmbbnew\/index.php?rest_route=\/wp\/v2\/pages\/154\/revisions\/972"}],"up":[{"embeddable":true,"href":"https:\/\/www.dlf.fi\/stmbbnew\/index.php?rest_route=\/wp\/v2\/pages\/22"}],"wp:attachment":[{"href":"https:\/\/www.dlf.fi\/stmbbnew\/index.php?rest_route=%2Fwp%2Fv2%2Fmedia&parent=154"}],"curies":[{"name":"wp","href":"https:\/\/api.w.org\/{rel}","templated":true}]}}